{"id":16899,"date":"2023-12-11T17:49:35","date_gmt":"2023-12-11T16:49:35","guid":{"rendered":"https:\/\/novaenergiaosona.cat\/aviso-legal\/"},"modified":"2024-05-14T09:52:29","modified_gmt":"2024-05-14T07:52:29","slug":"aviso-legal","status":"publish","type":"page","link":"https:\/\/novaenergiaosona.cat\/es\/aviso-legal\/","title":{"rendered":"Aviso legal"},"content":{"rendered":"\n<p>Este sitio web y su dominio corresponden al Consejo Comarcal de Osona (en adelante el Consejo Comarcal), con CIF P-5800015-I y domicilio en la calle Ramon d&#8217;Abadal y de Vinyals, 5, 3a planta, de Vic (CP 08500), tel\u00e9fono 938 832 212 y direcci\u00f3n electr\u00f3nica <a href=\"mailto:info@ccosona.cat\">info@ccosona.cat<\/a><\/p>\n\n\n\n<p>&#8212;<\/p>\n\n\n\n<p>La informaci\u00f3n facilitada por medio de este sitio web no sustituye a la que figura en la sede electr\u00f3nica del Consejo Comarcal o en los canales y plataformas de sede electr\u00f3nica adoptados por el Consejo Comarcal, \u00fanica que tiene plena validez legal.<\/p>\n\n\n\n<p>El Consejo Comarcal no se hace responsable del contenido, exactitud y actualizaci\u00f3n de la informaci\u00f3n que proviene de otras personas que figure en el sitio web oa la que se haga remisi\u00f3n mediante enlaces u otros sistemas.<\/p>\n\n\n\n<p>&#8212;<\/p>\n\n\n\n<p>El sitio web y sus contenidos, incluidos los textos, im\u00e1genes, gr\u00e1ficos, bases de datos y cualquier otro material, se ponen a disposici\u00f3n p\u00fablica con fines de informaci\u00f3n y para ofrecer servicios en el marco de las competencias y funciones propias del Consejo Comarcal. Existen derechos de propiedad intelectual sobre algunos de estos contenidos que corresponden o bien al Consejo Comarcal oa terceras personas que han autorizado su utilizaci\u00f3n por este medio.<\/p>\n\n\n\n<p>De forma general, y salvo que se indique lo contrario de forma expresa para casos singulares, se puede llevar a cabo la reproducci\u00f3n, distribuci\u00f3n y comunicaci\u00f3n p\u00fablica de los contenidos de este sitio web siempre que quede constancia de su procedencia. No obstante, no se podr\u00e1n utilizar los contenidos para usos comerciales, ni realizar obras derivadas, sin autorizaci\u00f3n expresa del Consejo Comarcal.<\/p>\n\n\n\n<p>Estas condiciones rigen para los contenidos del sitio web protegidos por derechos de autor y se resumen con la licencia Reconocimiento &#8211; No Comercial &#8211; Compartir Igual 4.0 Espa\u00f1a <a href=\"https:\/\/creativecommons.org\/licenses\/by-nc-sa\/4.0\/deed.ca\" rel=\"noreferrer noopener\" target=\"_blank\">(CC BY-NC-SA 4.0)<\/a> de <a href=\"https:\/\/creativecommons.org\/\" rel=\"noreferrer noopener\" target=\"_blank\">Creative Commons<\/a> .\u00bb<\/p>\n\n\n\n<p>El escudo oficial del Consejo Comarcal y los dem\u00e1s dise\u00f1os y logotipos que lo identifican s\u00f3lo pueden ser reproducidos y utilizados previa autorizaci\u00f3n del Consejo Comarcal, o bien cuando se trate de identificar actividades o iniciativas que cuenten con el apoyo expl\u00edcito del Consejo Comarcal . El Consejo Comarcal autoriza tambi\u00e9n usos no lucrativos con fines educativos, de investigaci\u00f3n, estudio o difusi\u00f3n cultural.<\/p>\n\n\n\n<p>No se autorizan presentaciones de los contenidos de este sitio en una ventana ajena (framing) sin autorizaci\u00f3n expresa y por escrito del Consejo Comarcal.<\/p>\n\n\n\n<p>&#8212;<\/p>\n\n\n\n<p>El Consejo Comarcal informa que este sitio web utiliza cookies (cookies) que permiten hacer m\u00e1s c\u00f3moda y r\u00e1pida la comunicaci\u00f3n que se establece entre la entidad y el sitio web. La vigencia de estas cookies se limita a la necesaria para conseguir esos objetivos. El usuario tiene la posibilidad de configurar su navegador de Internet para obtener un mejor conocimiento y control de cookies. Usted ha sido informado previamente de su instalaci\u00f3n. Encontrar\u00e1 m\u00e1s informaci\u00f3n sobre la Pol\u00edtica de Cookies en <a href=\"https:\/\/ccosona.cat\/index.php\/politica-de-cookies\" target=\"_blank\" rel=\"noreferrer noopener\">este enlace<\/a><\/p>\n\n\n\n<p>&#8212;<\/p>\n\n\n\n<p>El Consejo Comarcal no se hace responsable ante los usuarios de su sitio web de los posibles da\u00f1os o perjuicios que puedan derivarse de interferencias, omisiones, interrupciones, virus inform\u00e1ticos, sobrecarga de las l\u00edneas, aver\u00edas o desconexiones cuando est\u00e9n motivadas por causas que le son ajenas. Tampoco se hace de los da\u00f1os que puedan ser causados \u200b\u200bpor terceras personas mediante intromisiones ileg\u00edtimas fuera del control del Consejo Comarcal. Siempre que sea posible, advertir\u00e1 previamente de las interrupciones en el funcionamiento de la web y de los servicios.<\/p>\n\n\n\n<p>nico instrumento que da fe de su autenticidad y contenido. La informaci\u00f3n disponible en este sitio web debe ser entendida como una gu\u00eda sin prop\u00f3sito de validez legal.<\/p>\n","protected":false},"excerpt":{"rendered":"<p>Este sitio web y su dominio corresponden al Consejo Comarcal de Osona (en adelante el Consejo Comarcal), con CIF P-5800015-I<\/p>\n","protected":false},"author":1,"featured_media":0,"parent":0,"menu_order":0,"comment_status":"closed","ping_status":"open","template":"","meta":{"_monsterinsights_skip_tracking":false,"_monsterinsights_sitenote_active":false,"_monsterinsights_sitenote_note":"","_monsterinsights_sitenote_category":0,"footnotes":""},"class_list":["post-16899","page","type-page","status-publish","hentry"],"_links":{"self":[{"href":"https:\/\/novaenergiaosona.cat\/es\/wp-json\/wp\/v2\/pages\/16899","targetHints":{"allow":["GET"]}}],"collection":[{"href":"https:\/\/novaenergiaosona.cat\/es\/wp-json\/wp\/v2\/pages"}],"about":[{"href":"https:\/\/novaenergiaosona.cat\/es\/wp-json\/wp\/v2\/types\/page"}],"author":[{"embeddable":true,"href":"https:\/\/novaenergiaosona.cat\/es\/wp-json\/wp\/v2\/users\/1"}],"replies":[{"embeddable":true,"href":"https:\/\/novaenergiaosona.cat\/es\/wp-json\/wp\/v2\/comments?post=16899"}],"version-history":[{"count":3,"href":"https:\/\/novaenergiaosona.cat\/es\/wp-json\/wp\/v2\/pages\/16899\/revisions"}],"predecessor-version":[{"id":17199,"href":"https:\/\/novaenergiaosona.cat\/es\/wp-json\/wp\/v2\/pages\/16899\/revisions\/17199"}],"wp:attachment":[{"href":"https:\/\/novaenergiaosona.cat\/es\/wp-json\/wp\/v2\/media?parent=16899"}],"curies":[{"name":"wp","href":"https:\/\/api.w.org\/{rel}","templated":true}]}}