{"id":16863,"date":"2024-04-02T16:32:19","date_gmt":"2024-04-02T14:32:19","guid":{"rendered":"https:\/\/novaenergiaosona.cat\/nueva-energia-osona\/platero\/"},"modified":"2024-05-13T12:42:49","modified_gmt":"2024-05-13T10:42:49","slug":"platero","status":"publish","type":"page","link":"https:\/\/novaenergiaosona.cat\/es\/nova-energia-osona\/platero\/","title":{"rendered":"PLATER"},"content":{"rendered":"\t\t<div data-elementor-type=\"wp-page\" data-elementor-id=\"16863\" class=\"elementor elementor-16863 elementor-16238\">\n\t\t\t\t\t\t<section class=\"wd-negative-gap elementor-section elementor-top-section elementor-element elementor-element-45826ec elementor-section-content-middle elementor-section-boxed elementor-section-height-default elementor-section-height-default wd-section-disabled\" data-id=\"45826ec\" data-element_type=\"section\">\n\t\t\t\t\t\t<div class=\"elementor-container elementor-column-gap-default\">\n\t\t\t\t\t<div class=\"elementor-column elementor-col-100 elementor-top-column elementor-element elementor-element-d35ff52\" data-id=\"d35ff52\" data-element_type=\"column\">\n\t\t\t<div class=\"elementor-widget-wrap elementor-element-populated\">\n\t\t\t\t\t\t<div class=\"elementor-element elementor-element-4c0f99b elementor-widget elementor-widget-wd_title\" data-id=\"4c0f99b\" data-element_type=\"widget\" data-widget_type=\"wd_title.default\">\n\t\t\t\t<div class=\"elementor-widget-container\">\n\t\t\t\t\t\t<link rel=\"stylesheet\" id=\"wd-section-title-css\" href=\"https:\/\/novaenergiaosona.cat\/wp-content\/themes\/woodmart\/css\/parts\/el-section-title.min.css?ver=7.3.4\" type=\"text\/css\" media=\"all\" \/> \t\t\t\t\t<div class=\"title-wrapper set-mb-s reset-last-child wd-title-color-default wd-title-style-default wd-title-size-default text-center\">\n\n\t\t\t\n\t\t\t<div class=\"liner-continer\">\n\t\t\t\t<h4 class=\"woodmart-title-container title wd-fontsize-l\">PLATER<\/h4> \n\t\t\t\t\t\t\t<\/div>\n\n\t\t\t\t\t\t\t<div class=\"title-after_title set-cont-mb-s reset-last-child wd-fontsize-xs\">\n\t\t\t\t\t<p>\u201cPara alcanzar la soberan\u00eda energ\u00e9tica Catalu\u00f1a tendr\u00e1 que desarrollar un gran n\u00famero de proyectos de energ\u00edas renovables, fundamentalmente parques e\u00f3licos y plantas fotovoltaicas, una parte de los cuales tendr\u00e1n que situarse sobre el terreno. Seg\u00fan la <strong><a href=\"https:\/\/icaen.gencat.cat\/ca\/detalls\/publicacio\/PROENCAT-2050-00001\" target=\"_blank\" rel=\"noopener\">PROENCAT 2050<\/a> ,<\/strong> se necesitar\u00e1n 23.136 MW de energ\u00eda e\u00f3lica y 19.394,3 MW de fotovoltaica en el suelo. Actualmente hay instalada un 3,2% de esta potencia (a\u00f1o 2021).<\/p><p>Ante el importante reto que supone integrar este gran volumen de proyectos de energ\u00edas renovables en el territorio y considerando tambi\u00e9n la elevada superficie necesaria, surge la opci\u00f3n de desarrollar un plan territorial sectorial que ordene este despliegue, siempre teniendo en consideraci\u00f3n los criterios de protecci\u00f3n medioambiental, paisaj\u00edsticos, urban\u00edsticos, etc. y la compatibilidad del suelo con otros usos. Este plan es el PLATER, el Plan Territorial Sectorial para el Desarrollo de las Energ\u00edas Renovables.<\/p><p>La iniciativa debe tener como objetivo espec\u00edfico la determinaci\u00f3n de las zonas disponibles para las energ\u00edas renovables y los criterios para su delimitaci\u00f3n, garantizando la suficiencia de las zonas disponibles para alcanzar los objetivos de implantaci\u00f3n de energ\u00edas renovables establecidos. Adem\u00e1s, las zonas con menor impacto ambiental gozar\u00edan de una mayor agilidad en su tramitaci\u00f3n.\u201d<\/p>\t\t\t\t<\/div>\n\t\t\t\t\t<\/div>\n\t\t\t\t<\/div>\n\t\t\t\t<\/div>\n\t\t\t\t<div class=\"elementor-element elementor-element-6506b50 elementor-widget__width-initial elementor-widget elementor-widget-wd_button\" data-id=\"6506b50\" data-element_type=\"widget\" data-widget_type=\"wd_button.default\">\n\t\t\t\t<div class=\"elementor-widget-container\">\n\t\t\t\t\t<div class=\"wd-button-wrapper text-center\" >\n\t\t\t<a class=\"btn btn-style-default btn-style-round btn-size-default btn-color-primary btn-icon-pos-right\"  href=\"https:\/\/novaenergiaosona.cat\/wp-content\/uploads\/2024\/04\/20230510-ERF-DIE-PLATER-final.pdf\" target=\"_blank\">\n\t\t\t\t<span class=\"wd-btn-text\" data-elementor-setting-key=\"text\">\n\t\t\t\t\tM\u00c1S INFORMACI\u00d3N\t\t\t\t<\/span>\n\n\t\t\t\t\t\t\t<\/a>\n\t\t<\/div>\n\t\t\t\t<\/div>\n\t\t\t\t<\/div>\n\t\t\t\t\t<\/div>\n\t\t<\/div>\n\t\t\t\t\t<\/div>\n\t\t<\/section>\n\t\t\t\t<\/div>\n\t\t","protected":false},"excerpt":{"rendered":"<p>PLATERO \u201cPara alcanzar la soberan\u00eda energ\u00e9tica Catalu\u00f1a tendr\u00e1 que desarrollar un gran n\u00famero de proyectos de energ\u00edas renovables, fundamentalmente parques<\/p>\n","protected":false},"author":1,"featured_media":0,"parent":16784,"menu_order":0,"comment_status":"closed","ping_status":"closed","template":"","meta":{"_monsterinsights_skip_tracking":false,"_monsterinsights_sitenote_active":false,"_monsterinsights_sitenote_note":"","_monsterinsights_sitenote_category":0,"footnotes":""},"class_list":["post-16863","page","type-page","status-publish","hentry"],"_links":{"self":[{"href":"https:\/\/novaenergiaosona.cat\/es\/wp-json\/wp\/v2\/pages\/16863","targetHints":{"allow":["GET"]}}],"collection":[{"href":"https:\/\/novaenergiaosona.cat\/es\/wp-json\/wp\/v2\/pages"}],"about":[{"href":"https:\/\/novaenergiaosona.cat\/es\/wp-json\/wp\/v2\/types\/page"}],"author":[{"embeddable":true,"href":"https:\/\/novaenergiaosona.cat\/es\/wp-json\/wp\/v2\/users\/1"}],"replies":[{"embeddable":true,"href":"https:\/\/novaenergiaosona.cat\/es\/wp-json\/wp\/v2\/comments?post=16863"}],"version-history":[{"count":7,"href":"https:\/\/novaenergiaosona.cat\/es\/wp-json\/wp\/v2\/pages\/16863\/revisions"}],"predecessor-version":[{"id":17116,"href":"https:\/\/novaenergiaosona.cat\/es\/wp-json\/wp\/v2\/pages\/16863\/revisions\/17116"}],"up":[{"embeddable":true,"href":"https:\/\/novaenergiaosona.cat\/es\/wp-json\/wp\/v2\/pages\/16784"}],"wp:attachment":[{"href":"https:\/\/novaenergiaosona.cat\/es\/wp-json\/wp\/v2\/media?parent=16863"}],"curies":[{"name":"wp","href":"https:\/\/api.w.org\/{rel}","templated":true}]}}