{"id":16824,"date":"2023-12-11T17:45:34","date_gmt":"2023-12-11T16:45:34","guid":{"rendered":"https:\/\/novaenergiaosona.cat\/politica-de-cookies\/"},"modified":"2024-05-14T09:52:28","modified_gmt":"2024-05-14T07:52:28","slug":"politica-de-cookies","status":"publish","type":"page","link":"https:\/\/novaenergiaosona.cat\/es\/politica-de-cookies\/","title":{"rendered":"Pol\u00edtica de cookies"},"content":{"rendered":"\n<p><strong>Definici\u00f3n y funci\u00f3n de las cookies<\/strong><\/p>\n\n\n\n<p>\u00bfQu\u00e9 son las cookies? Una cookie es un archivo que se descarga en su ordenador al acceder a determinadas p\u00e1ginas web. Las cookies permiten, entre otras cosas, almacenar y recuperar informaci\u00f3n sobre los h\u00e1bitos de navegaci\u00f3n de un usuario o de su equipo y, dependiendo de la informaci\u00f3n que contengan y de la forma en que utilice su equipo, se pueden utilizar para reconocerlo usuario.<\/p>\n\n\n\n<p><strong>\u00bfQu\u00e9 tipos de cookies utiliza esta p\u00e1gina web?<\/strong><\/p>\n\n\n\n<p>\u2022 <strong>Cookies propias<\/strong> : Son aquellas que se env\u00edan al equipo terminal del usuario desde un equipo o dominio gestionado por el propio editor y desde el que se presta el servicio solicitado por el usuario.<\/p>\n\n\n\n<p>\u2022 <strong>Cookies de terceros<\/strong> : Son aquellas que se env\u00edan al equipo terminal del usuario desde un equipo o dominio que no es gestionado por el editor, sino por otra entidad que trata los datos obtenidos mediante las cookies.<\/p>\n\n\n\n<p>\u2022 <strong>Cookies de sesi\u00f3n<\/strong> : Son un tipo de cookies dise\u00f1adas para recoger y almacenar datos mientras el usuario accede a una p\u00e1gina web.<\/p>\n\n\n\n<p>\u2022 <strong>Cookies persistentes<\/strong> : Son un tipo de cookies en las que los datos siguen almacenados en el terminal y pueden ser accedidos y tratados durante un per\u00edodo definido por el responsable de la cookie, y que puede ir de unos minutos a varios a\u00f1os.<\/p>\n\n\n\n<p><strong>\u2022 Cookies de an\u00e1lisis<\/strong> : Son aquellas que bien tratadas por nosotros o por terceros, nos permiten cuantificar el n\u00famero de usuarios y as\u00ed realizar la medici\u00f3n y an\u00e1lisis estad\u00edstico de la utilizaci\u00f3n que hacen los usuarios del servicio ofrecido.<\/p>\n\n\n\n<p>Para ello se analiza su navegaci\u00f3n en nuestra p\u00e1gina web con el fin de mejorar la oferta de productos o servicios que le ofrecemos.<\/p>\n\n\n\n<p>\u2022 <strong>Cookies publicitarias<\/strong>: Son aquellas que permiten la gesti\u00f3n, de la forma m\u00e1s eficaz posible, de los espacios publicitarios que, en su caso, el editor haya incluido en una p\u00e1gina web, aplicaci\u00f3n o plataforma desde la que presta el servicio solicitado en base a criterios como el contenido editado o la frecuencia en la que se muestran los anuncios.<\/p>\n\n\n\n<p>\u2022 <strong>Cookies de publicidad comportamental<\/strong> : Son aquellas que permiten la gesti\u00f3n, de la forma m\u00e1s eficaz posible, de los espacios publicitarios que, en su caso, el editor haya incluido en una p\u00e1gina web, aplicaci\u00f3n o plataforma desde la que presta el servicio solo. licidad. Estas cookies almacenan informaci\u00f3n del comportamiento de los usuarios obtenida a trav\u00e9s de la continua observaci\u00f3n de sus h\u00e1bitos de navegaci\u00f3n, lo que permite desarrollar un perfil espec\u00edfico para mostrar publicidad en funci\u00f3n del mismo.<\/p>\n\n\n\n<p>Asimismo es posible que al visitar alguna p\u00e1gina web o al abrir alg\u00fan email donde se publique alg\u00fan anuncio o promoci\u00f3n sobre nuestros productos o servicios se instale en su navegador alguna cookie que sirva para mostrar posteriormente publicidad relacionada con la b\u00fasqueda que haya realizado, desarrollar un control de nuestros anuncios, por ejemplo, con el n\u00famero de veces que son vistos, d\u00f3nde aparecen, a qu\u00e9 hora se ven, etc.<\/p>\n\n\n\n<p><strong>Revocaci\u00f3n y eliminaci\u00f3n de cookies<\/strong><\/p>\n\n\n\n<p>Usted puede permitir, bloquear o eliminar las cookies instaladas en su equipo mediante la configuraci\u00f3n de las opciones del navegador de su ordenador. En caso de que no permita la instalaci\u00f3n de cookies en su navegador, puede que no pueda acceder a alguna de las secciones de nuestra web. Para m\u00e1s informaci\u00f3n sobre c\u00f3mo bloquear el uso de cookies puede hacerlo a trav\u00e9s del navegador:<\/p>\n\n\n\n<ul class=\"wp-block-list\">\n<li>Internet Explorer: <a href=\"http:\/\/windows.microsoft.com\/es-ES\/windows-vista\/Block-or-allow-cookies\">http:\/\/windows.microsoft.com\/es-ES\/windows-vista\/Block-or-allow-cookies<\/a><\/li>\n\n\n\n<li>Firefox: <a href=\"http:\/\/support.mozilla.org\/es\/kb\/habilitar-y-deshabilitar-cookies-que-los-sitios-we\">http:\/\/support.mozilla.org\/es\/kb\/habilitar-y-deshabilitar-cookies-que-los-sitios-we<\/a><\/li>\n\n\n\n<li>Safari: <a href=\"http:\/\/support.apple.com\/kb\/HT1677?viewlocale=es_ES\">http:\/\/support.apple.com\/kb\/HT1677?viewlocale=es_ES<\/a><\/li>\n\n\n\n<li>Google Chrome: <a href=\"https:\/\/support.google.com\/chrome\/answer\/95647?hl=es\">https:\/\/support.google.com\/chrome\/answer\/95647?hl=es<\/a><\/li>\n<\/ul>\n\n\n\n<p><strong>DERECHOS DE PROPIEDAD INDUSTRIAL E INTELECTUAL<\/strong><\/p>\n\n\n\n<p>Consejo Comarcal de Osona es titular de todos los derechos de propiedad intelectual e industrial de la URL www.ccosona.cat. Queda completamente prohibido modificar o distribuir todo o parte del contenido de estas p\u00e1ginas web para prop\u00f3sitos de car\u00e1cter p\u00fablico o privado sin previo consentimiento expreso y por escrito de Consell Comarcal de Osona. Cualquier actuaci\u00f3n que infrinja lo anteriormente expuesto podr\u00e1 constituir una vulneraci\u00f3n de los derechos de propiedad intelectual e industrial protegidos en el Texto Refundido de la Ley de Propiedad Intelectual, lo que dar\u00e1 lugar a posibles actuaciones legales de acuerdo con el C\u00f3digo Penal vigente.<\/p>\n\n\n\n<p><strong>POL\u00cdTICA DE SEGURIDAD<\/strong><\/p>\n\n\n\n<p>El Sistema de Gesti\u00f3n de Seguridad del Consejo Comarcal de Osona vela por lo siguiente.<\/p>\n\n\n\n<p>&#8211; Proporcionar a los empleados un entorno de trabajo disponible y fiable en relaci\u00f3n con las herramientas inform\u00e1ticas, datos y comunicaciones de acuerdo con las directrices de la Organizaci\u00f3n.<\/p>\n\n\n\n<p>&#8211; Gestionar adecuadamente la seguridad de la informaci\u00f3n para que permita a sus responsables implantarla y mantenerla en la Organizaci\u00f3n.<\/p>\n\n\n\n<p>&#8211; Asegurar la disponibilidad, confidencialidad e integridad de los datos de los clientes del Consejo Comarcal de Osona.<\/p>\n\n\n\n<p>&#8211; Fortalecer la relaci\u00f3n de confianza entre clientes y la organizaci\u00f3n.<\/p>\n\n\n\n<p>&#8211; Contribuir a la obtenci\u00f3n de mejores niveles de excelencia de gesti\u00f3n en la Organizaci\u00f3n, as\u00ed como de mejora de la imagen del Consejo Comarcal de Osona.<\/p>\n\n\n\n<p>&#8211; Cumplir con la legalidad aplicable.<\/p>\n","protected":false},"excerpt":{"rendered":"<p>Definici\u00f3n y funci\u00f3n de las cookies \u00bfQu\u00e9 son las cookies? Una cookie es un archivo que se descarga en su<\/p>\n","protected":false},"author":1,"featured_media":0,"parent":0,"menu_order":0,"comment_status":"closed","ping_status":"open","template":"","meta":{"_monsterinsights_skip_tracking":false,"_monsterinsights_sitenote_active":false,"_monsterinsights_sitenote_note":"","_monsterinsights_sitenote_category":0,"footnotes":""},"class_list":["post-16824","page","type-page","status-publish","hentry"],"_links":{"self":[{"href":"https:\/\/novaenergiaosona.cat\/es\/wp-json\/wp\/v2\/pages\/16824","targetHints":{"allow":["GET"]}}],"collection":[{"href":"https:\/\/novaenergiaosona.cat\/es\/wp-json\/wp\/v2\/pages"}],"about":[{"href":"https:\/\/novaenergiaosona.cat\/es\/wp-json\/wp\/v2\/types\/page"}],"author":[{"embeddable":true,"href":"https:\/\/novaenergiaosona.cat\/es\/wp-json\/wp\/v2\/users\/1"}],"replies":[{"embeddable":true,"href":"https:\/\/novaenergiaosona.cat\/es\/wp-json\/wp\/v2\/comments?post=16824"}],"version-history":[{"count":3,"href":"https:\/\/novaenergiaosona.cat\/es\/wp-json\/wp\/v2\/pages\/16824\/revisions"}],"predecessor-version":[{"id":17198,"href":"https:\/\/novaenergiaosona.cat\/es\/wp-json\/wp\/v2\/pages\/16824\/revisions\/17198"}],"wp:attachment":[{"href":"https:\/\/novaenergiaosona.cat\/es\/wp-json\/wp\/v2\/media?parent=16824"}],"curies":[{"name":"wp","href":"https:\/\/api.w.org\/{rel}","templated":true}]}}